{"id":383,"date":"2025-08-27T15:53:35","date_gmt":"2025-08-27T13:53:35","guid":{"rendered":"https:\/\/finqueselpalau.com\/?page_id=383"},"modified":"2025-11-05T13:42:54","modified_gmt":"2025-11-05T12:42:54","slug":"privacy-policy","status":"publish","type":"page","link":"https:\/\/finqueselpalau.com\/es\/privacy-policy\/","title":{"rendered":"Pol\u00edtica de privacidad"},"content":{"rendered":"\t\t<div data-elementor-type=\"wp-page\" data-elementor-id=\"383\" class=\"elementor elementor-383 elementor-3\" data-elementor-post-type=\"page\">\n\t\t\t\t<div class=\"elementor-element elementor-element-259fcc66 e-flex e-con-boxed e-con e-parent\" data-id=\"259fcc66\" data-element_type=\"container\" data-e-type=\"container\">\n\t\t\t\t\t<div class=\"e-con-inner\">\n\t\t\t\t<div class=\"elementor-element elementor-element-c7d96aa elementor-widget elementor-widget-heading\" data-id=\"c7d96aa\" data-element_type=\"widget\" data-e-type=\"widget\" data-widget_type=\"heading.default\">\n\t\t\t\t\t<h2 class=\"elementor-heading-title elementor-size-default\">Pol\u00edtica de privacidad<\/h2>\t\t\t\t<\/div>\n\t\t\t\t<div class=\"elementor-element elementor-element-35ba4e0a elementor-widget elementor-widget-text-editor\" data-id=\"35ba4e0a\" data-element_type=\"widget\" data-e-type=\"widget\" data-widget_type=\"text-editor.default\">\n\t\t\t\t\t\t\t\t\t<p>Con el fin de dar cumplimiento al art\u00edculo 10 de la Ley 34\/2002 de Servicios de la Sociedad de la Informaci\u00f3n y Comercio Electr\u00f3nico, informamos al usuario de nuestros datos:<br><br> Denominaci\u00f3n Social:<br> Nombre Comercial:<br> Domicilio Social:<br> NIF:<br> Tel\u00e9fono:<br> E-mail:<br> Datos Registrales:<br> P\u00e1gina Web:<\/p><p>1. Normativa aplicable<\/p><p>Nuestra Pol\u00edtica de Privacidad se ha dise\u00f1ado de acuerdo con el Reglamento General de Protecci\u00f3n de Datos de la UE 2016\/679 del Parlamento Europeo y del Consejo, de 27 de abril de 2016, relativo a la protecci\u00f3n de las personas f\u00edsicas en cuanto al tratamiento de datos personales ya la libre circulaci\u00f3n de estos datos y por el que se deroga de datos), y la Ley org\u00e1nica 3\/2018 de 5 de diciembre, de Protecci\u00f3n de Datos de Car\u00e1cter Personal y Garant\u00eda de los Derechos Digitales.  <br>Al facilitarnos sus datos, Usted declara haber le\u00eddo y conocer la presente Pol\u00edtica de Privacidad, prestando su consentimiento inequ\u00edvoco y expreso al tratamiento de sus datos personales de acuerdo con las finalidades y t\u00e9rminos aqu\u00ed expresados.  <br>La Empresa podr\u00e1 modificar la presente Pol\u00edtica de Privacidad para adaptarla a las novedades legislativas, jurisprudenciales o de interpretaci\u00f3n de la Agencia Espa\u00f1ola de Protecci\u00f3n de Datos. Estas condiciones de privacidad podr\u00e1n ser complementadas por el Aviso Legal, Pol\u00edtica de Cookies y las Condiciones Generales que, en su caso, se recojan para determinados productos o servicios, si dicho acceso supone alguna especialidad en materia de protecci\u00f3n de datos de car\u00e1cter personal. <\/p><p>2. Finalidad del tratamiento de los datos personales<br> El tratamiento que realizamos de sus datos personales responde a las siguientes finalidades:<br> a) Proporcionarle informaci\u00f3n relacionada con los productos y servicios que ofrece nuestra empresa y que detallan en este sitio web.<br> b) Realizar la contrataci\u00f3n de nuestros servicios mediante la aceptaci\u00f3n del correspondiente presupuesto\/pedido y\/o la firma de un contrato mercantil.<br> c) Enviarle por correo electr\u00f3nico y\/o postal las noticias y novedades sobre nuestra entidad, as\u00ed como las actualizaciones de nuestro cat\u00e1logo de productos y servicios.<br> 2.1. Plazo de Conservaci\u00f3n de sus datos<br> Conservaremos sus datos personales desde que nos d\u00e9 su consentimiento hasta que lo revoque o solicite la limitaci\u00f3n del tratamiento. En tales casos, mantendremos sus datos de forma bloqueada durante los plazos legalmente exigidos.  <\/p><p>3. Legitimaci\u00f3n y datos recabados<br> La legitimaci\u00f3n para el tratamiento de sus datos es el consentimiento expreso otorgado mediante un acto positivo y afirmativo (rellenar el formulario correspondiente y marcar la casilla de aceptaci\u00f3n de esta pol\u00edtica) en el momento de facilitarnos sus datos personales.<br> 3.1. Consentimiento para tratar sus datos<br> Al rellenar los formularios, marcar la casilla \u201cAcepto la Pol\u00edtica de Privacidad\u201d y hacer clic para enviar los datos, o al remitir correos electr\u00f3nicos a la Empresa a trav\u00e9s de las cuentas habilitadas al efecto, el Usuario manifiesta haber le\u00eddo y aceptado expresamente la presente pol\u00edtica de privacidad, y otorga su consentimiento a los finalidades indicadas.<br> 3.2. Categor\u00edas de datos<br> Los datos recabados se refieren a la categor\u00eda de datos identificativos, como pueden ser: Nombre y Apellidos, Tel\u00e9fono, Direcci\u00f3n Postal, Empresa, Correo electr\u00f3nico, as\u00ed como la direcci\u00f3n IP desde donde accede al formulario de recogida de datos.  <\/p><p>4. Medidas de seguridad<br> Dentro de nuestro compromiso por garantizar la seguridad y confidencialidad de sus datos de car\u00e1cter personal, le informamos que se han adoptado las medidas de \u00edndole t\u00e9cnica y organizativas necesarias para garantizar la seguridad de los datos de car\u00e1cter personal y evitar su alteraci\u00f3n, p\u00e9rdida, tratamiento o acceso no autorizado, teniendo en cuenta del estado de la tecnolog\u00eda, la naturaleza de los datos almacenados y arte. 32 del RGPD EU 679\/2016. <\/p><p>5. Cesi\u00f3n de los datos<br> No se prev\u00e9n cesiones de datos ni transferencias internacionales de sus datos, con excepci\u00f3n de las autorizadas por la legislaci\u00f3n fiscal, mercantil y de telecomunicaciones as\u00ed como en aquellos casos en los que una autoridad judicial nos lo requiera.<\/p><p>6. Derechos del usuario<br> Cualquier interesado tiene derecho a obtener confirmaci\u00f3n sobre si estamos tratando datos personales que le conciernan, o no. Las personas interesadas tienen derecho a acceder a sus datos personales, as\u00ed como a solicitar la rectificaci\u00f3n de los datos inexactos o, en su caso, solicitar su supresi\u00f3n cuando, entre otros motivos, los datos ya no sean necesarios para los fines recogidos. En determinadas circunstancias, los interesados \u200b\u200bpodr\u00e1n solicitar la limitaci\u00f3n del tratamiento de sus datos, en cuyo caso \u00fanicamente los conservaremos para el ejercicio o la defensa de reclamaciones. Por motivos relacionados con su situaci\u00f3n particular, los interesados \u200b\u200bpodr\u00e1n oponerse al tratamiento de sus datos. El Responsable del fichero dejar\u00e1 de tratar los datos, salvo por motivos imperiosos leg\u00edtimos, o el ejercicio o la defensa de posibles reclamaciones.<br> De acuerdo con la legislaci\u00f3n vigente tiene los siguientes derechos: derecho a solicitar el acceso a sus datos personales, derecho a solicitar su rectificaci\u00f3n o supresi\u00f3n, derecho a solicitar la limitaci\u00f3n de su tratamiento, derecho a oponerse al tratamiento, derecho a la portabilidad de los datos y asimismo a revocar el consentimiento otorgado. Asimismo, tendr\u00e1 derecho a presentar una reclamaci\u00f3n ante la Agencia Espa\u00f1ola de Protecci\u00f3n de Datos.       <br>6.1. C\u00f3mo ejercitar los derechos de Usuario<br> Para ejercer sus derechos, debe dirigirse al responsable, solicitando el correspondiente formulario para el ejercicio del derecho elegido. Opcionalmente, puede acudir a la Autoridad de Control competente para obtener informaci\u00f3n adicional sobre sus derechos. Los datos de contacto para el ejercicio de sus derechos son el tel\u00e9fono 653 841 001 y el correo electr\u00f3nico: foster@foster.cat. Recuerde acompa\u00f1ar una copia de un documento que nos permita identificarle.   <\/p><p>7. Consentimiento para el env\u00edo de comunicaciones electr\u00f3nicas<br> Asimismo, y de acuerdo con lo que se establece en la Ley 34\/2002, de 11 de julio, de Servicios de la Sociedad de la Informaci\u00f3n y del Comercio Electr\u00f3nico, completando el formulario de recogida de datos y marcando la correspondiente casilla \u201cAcepto\u201d est\u00e1 otorgando el consentimiento expreso para enviarle a su tel\u00e9fono de correo electr\u00f3nico sobre correo electr\u00f3nico la Empresa.<\/p>\t\t\t\t\t\t\t\t<\/div>\n\t\t\t\t\t<\/div>\n\t\t\t\t<\/div>\n\t\t<div class=\"elementor-element elementor-element-51d5552 e-flex e-con-boxed e-con e-parent\" data-id=\"51d5552\" data-element_type=\"container\" data-e-type=\"container\">\n\t\t\t\t\t<div class=\"e-con-inner\">\n\t\t\t\t<div class=\"elementor-element elementor-element-c34320b elementor-widget elementor-widget-spacer\" data-id=\"c34320b\" data-element_type=\"widget\" data-e-type=\"widget\" data-widget_type=\"spacer.default\">\n\t\t\t\t\t\t\t<div class=\"elementor-spacer\">\n\t\t\t<div class=\"elementor-spacer-inner\"><\/div>\n\t\t<\/div>\n\t\t\t\t\t\t<\/div>\n\t\t\t\t\t<\/div>\n\t\t\t\t<\/div>\n\t\t\t\t<\/div>\n\t\t","protected":false},"excerpt":{"rendered":"<p>Pol\u00edtica de privacidad Con el fin de dar cumplimiento al art\u00edculo 10 de la Ley 34\/2002 de Servicios de la Sociedad de la Informaci\u00f3n y Comercio Electr\u00f3nico, informamos al usuario de nuestros datos: Denominaci\u00f3n Social: Nombre Comercial: Domicilio Social: NIF: Tel\u00e9fono: E-mail: Datos Registrales: P\u00e1gina Web: 1. Normativa aplicable Nuestra Pol\u00edtica de Privacidad se ha [&hellip;]<\/p>\n","protected":false},"author":1,"featured_media":0,"parent":0,"menu_order":0,"comment_status":"closed","ping_status":"closed","template":"elementor_header_footer","meta":{"footnotes":""},"class_list":["post-383","page","type-page","status-publish","hentry"],"yoast_head":"<!-- This site is optimized with the Yoast SEO plugin v27.4 - https:\/\/yoast.com\/product\/yoast-seo-wordpress\/ -->\n<title>Pol\u00edtica de privacidad - Finques El Palau<\/title>\n<meta name=\"robots\" content=\"index, follow, max-snippet:-1, max-image-preview:large, max-video-preview:-1\" \/>\n<link rel=\"canonical\" href=\"https:\/\/finqueselpalau.com\/es\/privacy-policy\/\" \/>\n<meta property=\"og:locale\" content=\"es_ES\" \/>\n<meta property=\"og:type\" content=\"article\" \/>\n<meta property=\"og:title\" content=\"Pol\u00edtica de privacidad - Finques El Palau\" \/>\n<meta property=\"og:description\" content=\"Pol\u00edtica de privacidad Con el fin de dar cumplimiento al art\u00edculo 10 de la Ley 34\/2002 de Servicios de la Sociedad de la Informaci\u00f3n y Comercio Electr\u00f3nico, informamos al usuario de nuestros datos: Denominaci\u00f3n Social: Nombre Comercial: Domicilio Social: NIF: Tel\u00e9fono: E-mail: Datos Registrales: P\u00e1gina Web: 1. Normativa aplicable Nuestra Pol\u00edtica de Privacidad se ha [&hellip;]\" \/>\n<meta property=\"og:url\" content=\"https:\/\/finqueselpalau.com\/es\/privacy-policy\/\" \/>\n<meta property=\"og:site_name\" content=\"Finques El Palau\" \/>\n<meta property=\"article:modified_time\" content=\"2025-11-05T12:42:54+00:00\" \/>\n<meta name=\"twitter:card\" content=\"summary_large_image\" \/>\n<meta name=\"twitter:label1\" content=\"Tiempo de lectura\" \/>\n\t<meta name=\"twitter:data1\" content=\"5 minutos\" \/>\n<script type=\"application\/ld+json\" class=\"yoast-schema-graph\">{\"@context\":\"https:\\\/\\\/schema.org\",\"@graph\":[{\"@type\":\"WebPage\",\"@id\":\"https:\\\/\\\/finqueselpalau.com\\\/es\\\/privacy-policy\\\/\",\"url\":\"https:\\\/\\\/finqueselpalau.com\\\/es\\\/privacy-policy\\\/\",\"name\":\"Pol\u00edtica de privacidad - Finques El Palau\",\"isPartOf\":{\"@id\":\"https:\\\/\\\/finqueselpalau.com\\\/es\\\/#website\"},\"datePublished\":\"2025-08-27T13:53:35+00:00\",\"dateModified\":\"2025-11-05T12:42:54+00:00\",\"breadcrumb\":{\"@id\":\"https:\\\/\\\/finqueselpalau.com\\\/es\\\/privacy-policy\\\/#breadcrumb\"},\"inLanguage\":\"es\",\"potentialAction\":[{\"@type\":\"ReadAction\",\"target\":[\"https:\\\/\\\/finqueselpalau.com\\\/es\\\/privacy-policy\\\/\"]}]},{\"@type\":\"BreadcrumbList\",\"@id\":\"https:\\\/\\\/finqueselpalau.com\\\/es\\\/privacy-policy\\\/#breadcrumb\",\"itemListElement\":[{\"@type\":\"ListItem\",\"position\":1,\"name\":\"Inici\",\"item\":\"https:\\\/\\\/finqueselpalau.com\\\/es\\\/inicio\\\/\"},{\"@type\":\"ListItem\",\"position\":2,\"name\":\"Pol\u00edtica de privacidad\"}]},{\"@type\":\"WebSite\",\"@id\":\"https:\\\/\\\/finqueselpalau.com\\\/es\\\/#website\",\"url\":\"https:\\\/\\\/finqueselpalau.com\\\/es\\\/\",\"name\":\"Finques El Palau\",\"description\":\"La teva immobiliaria a Olot i la Garrotxa\",\"publisher\":{\"@id\":\"https:\\\/\\\/finqueselpalau.com\\\/es\\\/#organization\"},\"potentialAction\":[{\"@type\":\"SearchAction\",\"target\":{\"@type\":\"EntryPoint\",\"urlTemplate\":\"https:\\\/\\\/finqueselpalau.com\\\/es\\\/?s={search_term_string}\"},\"query-input\":{\"@type\":\"PropertyValueSpecification\",\"valueRequired\":true,\"valueName\":\"search_term_string\"}}],\"inLanguage\":\"es\"},{\"@type\":\"Organization\",\"@id\":\"https:\\\/\\\/finqueselpalau.com\\\/es\\\/#organization\",\"name\":\"Finques El Palau\",\"url\":\"https:\\\/\\\/finqueselpalau.com\\\/es\\\/\",\"logo\":{\"@type\":\"ImageObject\",\"inLanguage\":\"es\",\"@id\":\"https:\\\/\\\/finqueselpalau.com\\\/es\\\/#\\\/schema\\\/logo\\\/image\\\/\",\"url\":\"https:\\\/\\\/finqueselpalau.com\\\/wp-content\\\/uploads\\\/2025\\\/08\\\/finques_el_palau_logotip_negre.png\",\"contentUrl\":\"https:\\\/\\\/finqueselpalau.com\\\/wp-content\\\/uploads\\\/2025\\\/08\\\/finques_el_palau_logotip_negre.png\",\"width\":1182,\"height\":326,\"caption\":\"Finques El Palau\"},\"image\":{\"@id\":\"https:\\\/\\\/finqueselpalau.com\\\/es\\\/#\\\/schema\\\/logo\\\/image\\\/\"}}]}<\/script>\n<!-- \/ Yoast SEO plugin. -->","yoast_head_json":{"title":"Pol\u00edtica de privacidad - Finques El Palau","robots":{"index":"index","follow":"follow","max-snippet":"max-snippet:-1","max-image-preview":"max-image-preview:large","max-video-preview":"max-video-preview:-1"},"canonical":"https:\/\/finqueselpalau.com\/es\/privacy-policy\/","og_locale":"es_ES","og_type":"article","og_title":"Pol\u00edtica de privacidad - Finques El Palau","og_description":"Pol\u00edtica de privacidad Con el fin de dar cumplimiento al art\u00edculo 10 de la Ley 34\/2002 de Servicios de la Sociedad de la Informaci\u00f3n y Comercio Electr\u00f3nico, informamos al usuario de nuestros datos: Denominaci\u00f3n Social: Nombre Comercial: Domicilio Social: NIF: Tel\u00e9fono: E-mail: Datos Registrales: P\u00e1gina Web: 1. Normativa aplicable Nuestra Pol\u00edtica de Privacidad se ha [&hellip;]","og_url":"https:\/\/finqueselpalau.com\/es\/privacy-policy\/","og_site_name":"Finques El Palau","article_modified_time":"2025-11-05T12:42:54+00:00","twitter_card":"summary_large_image","twitter_misc":{"Tiempo de lectura":"5 minutos"},"schema":{"@context":"https:\/\/schema.org","@graph":[{"@type":"WebPage","@id":"https:\/\/finqueselpalau.com\/es\/privacy-policy\/","url":"https:\/\/finqueselpalau.com\/es\/privacy-policy\/","name":"Pol\u00edtica de privacidad - Finques El Palau","isPartOf":{"@id":"https:\/\/finqueselpalau.com\/es\/#website"},"datePublished":"2025-08-27T13:53:35+00:00","dateModified":"2025-11-05T12:42:54+00:00","breadcrumb":{"@id":"https:\/\/finqueselpalau.com\/es\/privacy-policy\/#breadcrumb"},"inLanguage":"es","potentialAction":[{"@type":"ReadAction","target":["https:\/\/finqueselpalau.com\/es\/privacy-policy\/"]}]},{"@type":"BreadcrumbList","@id":"https:\/\/finqueselpalau.com\/es\/privacy-policy\/#breadcrumb","itemListElement":[{"@type":"ListItem","position":1,"name":"Inici","item":"https:\/\/finqueselpalau.com\/es\/inicio\/"},{"@type":"ListItem","position":2,"name":"Pol\u00edtica de privacidad"}]},{"@type":"WebSite","@id":"https:\/\/finqueselpalau.com\/es\/#website","url":"https:\/\/finqueselpalau.com\/es\/","name":"Finques El Palau","description":"La teva immobiliaria a Olot i la Garrotxa","publisher":{"@id":"https:\/\/finqueselpalau.com\/es\/#organization"},"potentialAction":[{"@type":"SearchAction","target":{"@type":"EntryPoint","urlTemplate":"https:\/\/finqueselpalau.com\/es\/?s={search_term_string}"},"query-input":{"@type":"PropertyValueSpecification","valueRequired":true,"valueName":"search_term_string"}}],"inLanguage":"es"},{"@type":"Organization","@id":"https:\/\/finqueselpalau.com\/es\/#organization","name":"Finques El Palau","url":"https:\/\/finqueselpalau.com\/es\/","logo":{"@type":"ImageObject","inLanguage":"es","@id":"https:\/\/finqueselpalau.com\/es\/#\/schema\/logo\/image\/","url":"https:\/\/finqueselpalau.com\/wp-content\/uploads\/2025\/08\/finques_el_palau_logotip_negre.png","contentUrl":"https:\/\/finqueselpalau.com\/wp-content\/uploads\/2025\/08\/finques_el_palau_logotip_negre.png","width":1182,"height":326,"caption":"Finques El Palau"},"image":{"@id":"https:\/\/finqueselpalau.com\/es\/#\/schema\/logo\/image\/"}}]}},"_links":{"self":[{"href":"https:\/\/finqueselpalau.com\/es\/wp-json\/wp\/v2\/pages\/383","targetHints":{"allow":["GET"]}}],"collection":[{"href":"https:\/\/finqueselpalau.com\/es\/wp-json\/wp\/v2\/pages"}],"about":[{"href":"https:\/\/finqueselpalau.com\/es\/wp-json\/wp\/v2\/types\/page"}],"author":[{"embeddable":true,"href":"https:\/\/finqueselpalau.com\/es\/wp-json\/wp\/v2\/users\/1"}],"replies":[{"embeddable":true,"href":"https:\/\/finqueselpalau.com\/es\/wp-json\/wp\/v2\/comments?post=383"}],"version-history":[{"count":7,"href":"https:\/\/finqueselpalau.com\/es\/wp-json\/wp\/v2\/pages\/383\/revisions"}],"predecessor-version":[{"id":840,"href":"https:\/\/finqueselpalau.com\/es\/wp-json\/wp\/v2\/pages\/383\/revisions\/840"}],"wp:attachment":[{"href":"https:\/\/finqueselpalau.com\/es\/wp-json\/wp\/v2\/media?parent=383"}],"curies":[{"name":"wp","href":"https:\/\/api.w.org\/{rel}","templated":true}]}}